{"id":345,"date":"2017-05-16T16:49:18","date_gmt":"2017-05-16T14:49:18","guid":{"rendered":"https:\/\/olaf-moeller-haustechnik.de\/?page_id=345"},"modified":"2022-10-06T12:04:15","modified_gmt":"2022-10-06T10:04:15","slug":"home-2","status":"publish","type":"page","link":"https:\/\/olaf-moeller-haustechnik.de\/?page_id=345","title":{"rendered":"\u00dcber uns"},"content":{"rendered":"<\/div><\/div><\/div><!-- close content main div --><\/div><\/div><div id='full_slider_1' class='avia-fullwidth-slider main_color avia-shadow   container_wrap sidebar_right'   ><div  data-size='featured'  data-lightbox_size='large'  data-animation='slide'  data-ids='9063'  data-video_counter='0'  data-autoplay='false'  data-bg_slider='false'  data-slide_height=''  data-handle='av_slideshow_full'  data-interval='5'  data-class=' '  data-css_id=''  data-scroll_down=''  data-control_layout='av-control-default'  data-custom_markup=''  data-perma_caption=''  data-autoplay_stopper=''  data-image_attachment=''  data-min_height='0px'  data-src=''  data-position='top left'  data-repeat='no-repeat'  data-attach='scroll'  data-stretch=''  data-default-height='28.666666666667'  class='avia-slideshow avia-slideshow-1  av-control-default av-default-height-applied avia-slideshow-featured av_slideshow_full   avia-slide-slider '  itemscope=\"itemscope\" itemtype=\"https:\/\/schema.org\/ImageObject\" ><ul class='avia-slideshow-inner' style='padding-bottom: 28.666666666667%;'><li  class=' av-single-slide slide-1 ' ><div data-rel='slideshow-1' class='avia-slide-wrap'  ><img src='https:\/\/olaf-moeller-haustechnik.de\/wp-content\/uploads\/2021\/06\/Slider-Start-1920x650px-062021-1500x430.jpg' width='1500' height='430' title='' alt=''  itemprop=\"thumbnailUrl\"   \/><\/div><\/li><\/ul><\/div><\/div>\n<div class=\"flex_column av_one_full  flex_column_div av-zero-column-padding first  \" style='border-radius:0px; '><div style='padding-bottom:0px;' class='av-special-heading av-special-heading-h2  blockquote modern-quote   '><h2 class='av-special-heading-tag '  itemprop=\"headline\"  >\u00dcber uns<\/h2><div class='special-heading-border'><div class='special-heading-inner-border' ><\/div><\/div><\/div><\/div>\n<div style='height:30px' class='hr hr-invisible  '><span class='hr-inner ' ><span class='hr-inner-style'><\/span><\/span><\/div>\n<div class=\"flex_column av_one_full  flex_column_div av-zero-column-padding first  \" style='border-radius:0px; '><section class=\"av_textblock_section \"  itemscope=\"itemscope\" itemtype=\"https:\/\/schema.org\/CreativeWork\" ><div class='avia_textblock  '   itemprop=\"text\" ><p style=\"text-align: left;\">Haustechnik \u2013\u00a0ein Begriff mit vielen Facetten. Unsere Kunden vertrauen seit Jahren auf professionelle Dienst- und Handwerksleistungen aus einer Hand \u2013\u00a0Elektro, Heizung, Sanit\u00e4r und L\u00fcftung \u2013 das sind unsere Fachgebiete. Wir sorgen mit einem gro\u00dfen Leistungsspektrum daf\u00fcr, dass die Projekte termin- und fachgerecht ausgef\u00fchrt werden. Der reibungslose Betrieb und die zuverl\u00e4ssige Instandhaltung einer von uns installierten Anlage liegt uns dabei am Herzen.<\/p>\n<\/div><\/section><\/div>\n<div  class='hr hr-default  '><span class='hr-inner ' ><span class='hr-inner-style'><\/span><\/span><\/div>\n<div class='flex_column_table av-equal-height-column-flextable -flextable' ><div class=\"flex_column av_one_full  no_margin flex_column_table_cell av-equal-height-column av-align-top av-zero-column-padding first  \" style='border-radius:0px; '><div style='padding-bottom:10px;' class='av-special-heading av-special-heading-h2  blockquote modern-quote   '><h2 class='av-special-heading-tag '  itemprop=\"headline\"  >Historie<\/h2><div class='special-heading-border'><div class='special-heading-inner-border' ><\/div><\/div><\/div><\/div><\/div><!--close column table wrapper. Autoclose: 1 -->\n<div class=\"flex_column av_one_fourth  flex_column_div av-zero-column-padding first  \" style='border-radius:0px; '><div class='avia-image-container  av-styling-no-styling    avia-align-center '  itemscope=\"itemscope\" itemtype=\"https:\/\/schema.org\/ImageObject\"  ><div class='avia-image-container-inner'><img class='avia_image ' src='https:\/\/olaf-moeller-haustechnik.de\/wp-content\/uploads\/2021\/06\/P1011404-1000x750-1-300x225.jpg' alt='' title=''   itemprop=\"thumbnailUrl\"  \/><\/div><\/div><\/div>\n<div class=\"flex_column av_three_fourth  flex_column_div av-zero-column-padding   \" style='border-radius:0px; '><section class=\"av_textblock_section \"  itemscope=\"itemscope\" itemtype=\"https:\/\/schema.org\/CreativeWork\" ><div class='avia_textblock  '   itemprop=\"text\" ><p><strong>01.10.1998<\/strong> Firmengr\u00fcndung der M\u00f6ller &amp; Moorkamp Haustechnik GmbH<br \/>\nGesch\u00e4ftsf\u00fchrer: Olaf M\u00f6ller, Klaus Moorkamp, B\u00fcro und Lager: Heiligenwall 1,<br \/>\n49434 Neuenkirchen-V\u00f6rden<\/p>\n<p><strong>01.02.2000<\/strong> Umzug des Lagers und des B\u00fcros an den Erlenweg 2 in<br \/>\n49434 Neuenkirchen-V\u00f6rden<\/p>\n<p><strong>29.11.2001<\/strong> Ausscheiden des Gesch\u00e4ftsf\u00fchrer Klaus Moorkamp und Umbenennung<br \/>\nder Firma in Olaf M\u00f6ller Haustechnik GmbH<\/p>\n<p><strong>15.11.2002<\/strong> Festeinstellung eines Elektromeisters in Vollzeit zum Aufbau einer Elektroabteilung<\/p>\n<p><strong>15.12.2003<\/strong> Umzug des Lagers und B\u00fcros an den heutigen Firmenstandort Feldbr\u00fcgge 2, 49434 Neuenkirchen-V\u00f6rden<\/p>\n<p><strong>Juni 2012<\/strong> Erweiterung der Lager- und B\u00fcrofl\u00e4che sowie der Anbau einer Werkstatt zur Reparatur von Elektroger\u00e4ten<\/p>\n<p><strong>Oktober 2017<\/strong> Anschaffung und Erstellung eines <a href=\"http:\/\/www.das-mobile-bad-kommt.de\/\">mobilen Badezimmers<\/a> (\u00dcbergangsbadezimmer zum Mieten)<\/p>\n<p><strong>Fr\u00fchjahr 2018<\/strong> Erweiterung des B\u00fcros und der Ausstellung an das bestehende Geb\u00e4ude<\/p>\n<p><strong>Fr\u00fchjahr 2020<\/strong> Erweiterung des B\u00fcros, Anbau mit Empfangsbereich und Besprechnungsraum, an das bestehende Geb\u00e4ude<\/p>\n<\/div><\/section><\/div>\n<div  class='hr hr-default  '><span class='hr-inner ' ><span class='hr-inner-style'><\/span><\/span><\/div>\n<div class=\"flex_column av_one_full  flex_column_div av-zero-column-padding first  \" style='border-radius:0px; '><div style='padding-bottom:10px;' class='av-special-heading av-special-heading-h2  blockquote modern-quote   '><h2 class='av-special-heading-tag '  itemprop=\"headline\"  >Mitarbeiter<\/h2><div class='special-heading-border'><div class='special-heading-inner-border' ><\/div><\/div><\/div><\/div>\n<div class=\"flex_column av_one_third  flex_column_div av-zero-column-padding first  \" style='border-radius:0px; '><p><section class=\"av_textblock_section \"  itemscope=\"itemscope\" itemtype=\"https:\/\/schema.org\/CreativeWork\" ><div class='avia_textblock  '   itemprop=\"text\" ><p><span class=\"fliesstext\"><strong><span class=\"blau\">B\u00fcro: <\/span><\/strong><br \/>\n2 Halbtagskr\u00e4fte<br \/>\n1 Vollzeitkraft<br \/>\n1 Projektleitung<br \/>\n<\/span><\/p>\n<\/div><\/section><br \/>\n<section class=\"av_textblock_section \"  itemscope=\"itemscope\" itemtype=\"https:\/\/schema.org\/CreativeWork\" ><div class='avia_textblock  '   itemprop=\"text\" ><p><span class=\"fliesstext\"><strong><span class=\"blau\">Lager:<\/span><\/strong><br \/>\n1 Halbtagskraft<br \/>\n<\/span><\/p>\n<\/div><\/section><\/p><\/div>\n<div class=\"flex_column av_one_third  flex_column_div av-zero-column-padding   \" style='border-radius:0px; '><p><section class=\"av_textblock_section \"  itemscope=\"itemscope\" itemtype=\"https:\/\/schema.org\/CreativeWork\" ><div class='avia_textblock  '   itemprop=\"text\" ><p><span class=\"fliesstext\"><strong><span class=\"blau\">Elektro: <\/span><\/strong><br \/>\n1 Elektromeister<br \/>\n3 Elektroinstallateure<br \/>\n<\/span><\/p>\n<\/div><\/section><br \/>\n<section class=\"av_textblock_section \"  itemscope=\"itemscope\" itemtype=\"https:\/\/schema.org\/CreativeWork\" ><div class='avia_textblock  '   itemprop=\"text\" ><p><span class=\"fliesstext\"><strong><span class=\"blau\">Wachdienst:<\/span><\/strong><br \/>\n1 Wachhund<br \/>\n<\/span><\/p>\n<\/div><\/section><\/p><\/div>\n<div class=\"flex_column av_one_third  flex_column_div av-zero-column-padding   \" style='border-radius:0px; '><section class=\"av_textblock_section \"  itemscope=\"itemscope\" itemtype=\"https:\/\/schema.org\/CreativeWork\" ><div class='avia_textblock  '   itemprop=\"text\" ><p><span class=\"fliesstext\"><strong><span class=\"blau\">Heizung, Sanit\u00e4r und L\u00fcftung:<\/span><\/strong><br \/>\n1 Heizungsbaumeister<br \/>\n7 Anlagenmechaniker<br \/>\nHeizung &amp; Sanit\u00e4r<br \/>\n1 Auszubildender<br \/>\n1 Bauhelfer<\/span><\/p>\n<\/div><\/section><\/div>\n","protected":false},"excerpt":{"rendered":"","protected":false},"author":1,"featured_media":0,"parent":0,"menu_order":0,"comment_status":"closed","ping_status":"closed","template":"","meta":{"footnotes":""},"class_list":["post-345","page","type-page","status-publish","hentry"],"_links":{"self":[{"href":"https:\/\/olaf-moeller-haustechnik.de\/index.php?rest_route=\/wp\/v2\/pages\/345","targetHints":{"allow":["GET"]}}],"collection":[{"href":"https:\/\/olaf-moeller-haustechnik.de\/index.php?rest_route=\/wp\/v2\/pages"}],"about":[{"href":"https:\/\/olaf-moeller-haustechnik.de\/index.php?rest_route=\/wp\/v2\/types\/page"}],"author":[{"embeddable":true,"href":"https:\/\/olaf-moeller-haustechnik.de\/index.php?rest_route=\/wp\/v2\/users\/1"}],"replies":[{"embeddable":true,"href":"https:\/\/olaf-moeller-haustechnik.de\/index.php?rest_route=%2Fwp%2Fv2%2Fcomments&post=345"}],"version-history":[{"count":4,"href":"https:\/\/olaf-moeller-haustechnik.de\/index.php?rest_route=\/wp\/v2\/pages\/345\/revisions"}],"predecessor-version":[{"id":9078,"href":"https:\/\/olaf-moeller-haustechnik.de\/index.php?rest_route=\/wp\/v2\/pages\/345\/revisions\/9078"}],"wp:attachment":[{"href":"https:\/\/olaf-moeller-haustechnik.de\/index.php?rest_route=%2Fwp%2Fv2%2Fmedia&parent=345"}],"curies":[{"name":"wp","href":"https:\/\/api.w.org\/{rel}","templated":true}]}}