{"id":540,"date":"2017-06-13T12:16:16","date_gmt":"2017-06-13T10:16:16","guid":{"rendered":"https:\/\/olaf-moeller-haustechnik.de\/?page_id=540"},"modified":"2022-10-06T12:07:33","modified_gmt":"2022-10-06T10:07:33","slug":"home-2-2-2","status":"publish","type":"page","link":"https:\/\/olaf-moeller-haustechnik.de\/?page_id=540","title":{"rendered":"Service"},"content":{"rendered":"<\/div><\/div><\/div><!-- close content main div --><\/div><\/div><div id='full_slider_1' class='avia-fullwidth-slider main_color avia-shadow   container_wrap sidebar_right'   ><div  data-size='featured'  data-lightbox_size='large'  data-animation='slide'  data-ids='9063'  data-video_counter='0'  data-autoplay='false'  data-bg_slider='false'  data-slide_height=''  data-handle='av_slideshow_full'  data-interval='5'  data-class=' '  data-css_id=''  data-scroll_down=''  data-control_layout='av-control-default'  data-custom_markup=''  data-perma_caption=''  data-autoplay_stopper=''  data-image_attachment=''  data-min_height='0px'  data-src=''  data-position='top left'  data-repeat='no-repeat'  data-attach='scroll'  data-stretch=''  data-default-height='28.666666666667'  class='avia-slideshow avia-slideshow-1  av-control-default av-default-height-applied avia-slideshow-featured av_slideshow_full   avia-slide-slider '  itemscope=\"itemscope\" itemtype=\"https:\/\/schema.org\/ImageObject\" ><ul class='avia-slideshow-inner' style='padding-bottom: 28.666666666667%;'><li  class=' av-single-slide slide-1 ' ><div data-rel='slideshow-1' class='avia-slide-wrap'  ><img src='https:\/\/olaf-moeller-haustechnik.de\/wp-content\/uploads\/2021\/06\/Slider-Start-1920x650px-062021-1500x430.jpg' width='1500' height='430' title='' alt=''  itemprop=\"thumbnailUrl\"   \/><\/div><\/li><\/ul><\/div><\/div>\n<div class=\"flex_column av_one_full  flex_column_div av-zero-column-padding first  \" style='border-radius:0px; '><div style='padding-bottom:0px;' class='av-special-heading av-special-heading-h2  blockquote modern-quote   '><h2 class='av-special-heading-tag '  itemprop=\"headline\"  >Service<\/h2><div class='special-heading-border'><div class='special-heading-inner-border' ><\/div><\/div><\/div><\/div>\n<div style='height:30px' class='hr hr-invisible  '><span class='hr-inner ' ><span class='hr-inner-style'><\/span><\/span><\/div>\n<div class=\"flex_column av_two_third  flex_column_div av-zero-column-padding first  \" style='border-radius:0px; '><p><section class=\"av_textblock_section \"  itemscope=\"itemscope\" itemtype=\"https:\/\/schema.org\/CreativeWork\" ><div class='avia_textblock  '   itemprop=\"text\" ><p><span class=\"fliesstext\">Wir verstehen den Servicegedanken gleichbedeutend mit Leistungen aus unserem Handwerks- und Dienstleistungsangebot und nehmen uns viel Zeit f\u00fcr Beratung und Planung \u2013 die ausf\u00fchrlichen Kundengespr\u00e4che dienen als Basis f\u00fcr optimale Ergebnisse bei der sp\u00e4teren Umsetzung der Auftr\u00e4ge. Zuverl\u00e4ssige Instandhaltungen von wartungsintensiven Anlagen geh\u00f6ren f\u00fcr uns zur t\u00e4glichen Arbeit.<\/span><\/p>\n<\/div><\/section><br \/>\n<div style='height:30px' class='hr hr-invisible  '><span class='hr-inner ' ><span class='hr-inner-style'><\/span><\/span><\/div><br \/>\n<section class=\"av_textblock_section \"  itemscope=\"itemscope\" itemtype=\"https:\/\/schema.org\/CreativeWork\" ><div class='avia_textblock  '   itemprop=\"text\" ><p><span class=\"boldblau\">::<\/span><span class=\"fliesstext\"> 24-Stunden Kundendienst<br \/>\n<span class=\"boldblau\">::<\/span> Beratung\/Planung<br \/>\n<span class=\"boldblau\">::<\/span> Entwicklung und Projektierung<br \/>\n<span class=\"boldblau\">::<\/span> Abfluss- und Kanalreinigung<br \/>\n<span class=\"boldblau\">::<\/span> Kanal-Kamera mit Ortung<br \/>\n<span class=\"boldblau\">::<\/span> Gassicherheitscheck<br \/>\n<span class=\"boldblau\">::<\/span> E-Check<br \/>\n<span class=\"boldblau\">::<\/span> Wartung<\/span><\/p>\n<\/div><\/section><\/p><\/div>\n<div class=\"flex_column av_one_third  flex_column_div av-zero-column-padding   \" style='border-radius:0px; '><div class='avia-image-container  av-styling-    avia-align-right '  itemscope=\"itemscope\" itemtype=\"https:\/\/schema.org\/ImageObject\"  ><div class='avia-image-container-inner'><img class='avia_image ' src='https:\/\/olaf-moeller-haustechnik.de\/wp-content\/uploads\/2017\/06\/service.png' alt='' title='service'   itemprop=\"thumbnailUrl\"  \/><\/div><\/div><\/div>\n","protected":false},"excerpt":{"rendered":"","protected":false},"author":1,"featured_media":0,"parent":0,"menu_order":0,"comment_status":"closed","ping_status":"closed","template":"","meta":{"footnotes":""},"class_list":["post-540","page","type-page","status-publish","hentry"],"_links":{"self":[{"href":"https:\/\/olaf-moeller-haustechnik.de\/index.php?rest_route=\/wp\/v2\/pages\/540","targetHints":{"allow":["GET"]}}],"collection":[{"href":"https:\/\/olaf-moeller-haustechnik.de\/index.php?rest_route=\/wp\/v2\/pages"}],"about":[{"href":"https:\/\/olaf-moeller-haustechnik.de\/index.php?rest_route=\/wp\/v2\/types\/page"}],"author":[{"embeddable":true,"href":"https:\/\/olaf-moeller-haustechnik.de\/index.php?rest_route=\/wp\/v2\/users\/1"}],"replies":[{"embeddable":true,"href":"https:\/\/olaf-moeller-haustechnik.de\/index.php?rest_route=%2Fwp%2Fv2%2Fcomments&post=540"}],"version-history":[{"count":1,"href":"https:\/\/olaf-moeller-haustechnik.de\/index.php?rest_route=\/wp\/v2\/pages\/540\/revisions"}],"predecessor-version":[{"id":9083,"href":"https:\/\/olaf-moeller-haustechnik.de\/index.php?rest_route=\/wp\/v2\/pages\/540\/revisions\/9083"}],"wp:attachment":[{"href":"https:\/\/olaf-moeller-haustechnik.de\/index.php?rest_route=%2Fwp%2Fv2%2Fmedia&parent=540"}],"curies":[{"name":"wp","href":"https:\/\/api.w.org\/{rel}","templated":true}]}}