{"id":573,"date":"2017-06-13T12:29:53","date_gmt":"2017-06-13T10:29:53","guid":{"rendered":"https:\/\/olaf-moeller-haustechnik.de\/?page_id=573"},"modified":"2018-05-26T10:50:29","modified_gmt":"2018-05-26T08:50:29","slug":"contact-2-2","status":"publish","type":"page","link":"https:\/\/olaf-moeller-haustechnik.de\/?page_id=573","title":{"rendered":"Impressum"},"content":{"rendered":"<div class=\"flex_column av_one_full  flex_column_div av-zero-column-padding first  \" style='border-radius:0px; '><div style='padding-bottom:0px;' class='av-special-heading av-special-heading-h2  blockquote modern-quote  '><h2 class='av-special-heading-tag '  itemprop=\"headline\"  >Impressum<\/h2><div class='special-heading-border'><div class='special-heading-inner-border' ><\/div><\/div><\/div><\/div>\n<div style='height:30px' class='hr hr-invisible  '><span class='hr-inner ' ><span class='hr-inner-style'><\/span><\/span><\/div>\n<div class=\"flex_column av_one_full  av-animated-generic bottom-to-top  flex_column_div av-zero-column-padding first  \" style='border-radius:0px; '><p><section class=\"av_textblock_section \"  itemscope=\"itemscope\" itemtype=\"https:\/\/schema.org\/CreativeWork\" ><div class='avia_textblock  '   itemprop=\"text\" ><p><strong class=\"fliesstext\">Verantwortlicher Anbieter der Internetpr\u00e4senz:<\/strong><br \/>\nOlaf M\u00f6ller Haustechnik GmbH \u00b7 Feldbr\u00fcgge 2 \u00b7\u00a049434 Neuenkirchen-V\u00f6rden<br \/>\nTel. 0 54 93 \/ 91 38 0-0 \u00b7 Fax 0 54 93 \/ 91 38 0-29<br \/>\nE-Mail <a href=\"mailto:info@olaf-moeller-haustechnik.de\">info@olaf-moeller-haustechnik.de<\/a><br \/>\nInternet <a href=\"https:\/\/www.olaf-moeller-haustechnik.de\/\" target=\"_parent\">www.olaf-moeller-haustechnik.de <\/a><\/p>\n<p><span class=\"blau\">Gesch\u00e4ftsf\u00fchrer:<\/span> Olaf M\u00f6ller<br \/>\n<span class=\"blau\">Gerichtsstand:<\/span><br \/>\n<span class=\"blau\">Ust-Id-Nr.:<\/span><\/p>\n<\/div><\/section><br \/>\n<div  class='hr hr-default  '><span class='hr-inner ' ><span class='hr-inner-style'><\/span><\/span><\/div><br \/>\n<section class=\"av_textblock_section \"  itemscope=\"itemscope\" itemtype=\"https:\/\/schema.org\/CreativeWork\" ><div class='avia_textblock  '   itemprop=\"text\" ><p><strong>Webdesign &amp; Umsetzung:<\/strong><br \/>\nbeja media GmbH \u00b7 49401 Damme<br \/>\nTelefon<a href=\"tel:+4954919749080\"> 0 54 91 \/ 974 90-80<\/a><br \/>\n<a href=\"http:\/\/beja-media.de\/\" target=\"_blank\" rel=\"noopener noreferrer\">www.beja-media.de<\/a><br \/>\n<a href=\"mailto:info@beja-media.de\">info@beja-media.de<\/a><\/p>\n<\/div><\/section><br \/>\n<div  class='hr hr-default  '><span class='hr-inner ' ><span class='hr-inner-style'><\/span><\/span><\/div><br \/>\n<section class=\"av_textblock_section \"  itemscope=\"itemscope\" itemtype=\"https:\/\/schema.org\/CreativeWork\" ><div class='avia_textblock  '   itemprop=\"text\" ><h3>Haftungsausschluss (Disclaimer)<\/h3>\n<p><strong>Haftung f\u00fcr Inhalte<\/strong><br \/>\nDie Inhalte unserer Seiten wurden mit gr\u00f6\u00dfter Sorgfalt erstellt. F\u00fcr die Richtigkeit, Vollst\u00e4ndigkeit und Aktualit\u00e4t der Inhalte k\u00f6nnen wir jedoch keine Gew\u00e4hr \u00fcbernehmen. Als Diensteanbieter sind wir gem\u00e4\u00df \u00a7 6 Abs.1 MDStV und \u00a7 8 Abs.1 TDG f\u00fcr eigene Inhalte auf diesen Seiten nach den allgemeinen Gesetzen verantwortlich. Diensteanbieter sind jedoch nicht verpflichtet, die von ihnen \u00fcbermittelten oder gespeicherten fremden Informationen zu \u00fcberwachen oder nach Umst\u00e4nden zu forschen, die auf eine rechtswidrige T\u00e4tigkeit hinweisen. Verpflichtungen zur Entfernung oder Sperrung der Nutzung von Informationen nach den allgemeinen Gesetzen bleiben hiervon unber\u00fchrt. Eine diesbez\u00fcgliche Haftung ist jedoch erst ab dem Zeitpunkt der Kenntnis einer konkreten Rechtsverletzung m\u00f6glich. Bei Bekanntwerden von entsprechenden Rechtsverletzungen werden wir diese Inhalte umgehend entfernen.<\/p>\n<p><strong>Haftung f\u00fcr Links<\/strong><br \/>\nUnser Angebot enth\u00e4lt Links zu externen Webseiten Dritter, auf deren Inhalte wir keinen Einfluss haben. Deshalb k\u00f6nnen wir f\u00fcr diese fremden Inhalte auch keine Gew\u00e4hr \u00fcbernehmen. F\u00fcr die Inhalte der verlinkten Seiten ist stets der jeweilige Anbieter oder Betreiber der Seiten verantwortlich. Die verlinkten Seiten wurden zum Zeitpunkt der Verlinkung auf m\u00f6gliche Rechtsverst\u00f6\u00dfe \u00fcberpr\u00fcft. Rechtswidrige Inhalte waren zum Zeitpunkt der Verlinkung nicht erkennbar. Eine permanente inhaltliche Kontrolle der verlinkten Seiten ist jedoch ohne konkrete Anhaltspunkte einer Rechtsverletzung nicht zumutbar. Bei Bekanntwerden von Rechtsverletzungen werden wir derartige Links umgehend entfernen.<br \/>\nUrheberrecht<br \/>\nDie Betreiber der Seiten sind bem\u00fcht, stets die Urheberrechte anderer zu beachten bzw. auf selbst erstellte sowie lizenzfreie Werke zur\u00fcckzugreifen. Die durch die Seitenbetreiber erstellten Inhalte und Werke auf diesen Seiten unterliegen dem deutschen Urheberrecht. Beitr\u00e4ge Dritter sind als solche gekennzeichnet. Die Vervielf\u00e4ltigung, Bearbeitung, Verbreitung und jede Art der Verwertung au\u00dferhalb der Grenzen des Urheberrechtes bed\u00fcrfen der schriftlichen Zustimmung des jeweiligen Autors bzw. Erstellers. Downloads und Kopien dieser Seite sind nur f\u00fcr den privaten, nicht kommerziellen Gebrauch gestattet.<\/p>\n<p><strong>Haftungsausschluss<\/strong><br \/>\nF\u00fcr die Richtigkeit und Aktualit\u00e4t der auf dieser Website ver\u00f6ffentlichten Informationen und Daten kann nicht garantiert werden. Die Benutzung der Website und ihrer abgelegten Daten geschieht in eigener Verantwortlichkeit. Es wird keine Haftung f\u00fcr Sch\u00e4den oder Verluste, die direkt oder indirekt durch die Benutzung unserer Webpr\u00e4senz entstanden sind, \u00fcbernommen. Die Angaben auf dieser Website erfolgen nur zu allgemeinen Informationszwecken und stellen keine rechtliche Beratung dar. Weiter haften wir nicht f\u00fcr Informationen, die sich auf unseren weiterf\u00fchrenden Links befinden. S\u00e4mtliche Links sind durch andere Urheber erstellt worden, f\u00fcr die die Rechte nicht bei uns liegen. Wir haben keinerlei Einfluss auf die Gestaltung und Inhalte der gelinkten Seiten. Wir k\u00f6nnen somit auch nicht f\u00fcr die Inhalte anderer Links verantwortlich gemacht werden. Ein Link auf unserer Seite ist keine Empfehlung einer Auffassung oder irgendeines Produktes, sondern soll allein Ihrem Interesse an weiteren Informationen entgegenkommen. Wir raten Ihnen dringend, vertrauliche oder fristgebundene Nachrichten per Post oder Telefax zu senden. Die Vertraulichkeit kann bei der Versendung von Informationen und Dokumenten per E-Mail nicht garantiert werden. Eine Haftung f\u00fcr den Empfang und die Bearbeitung von fristgebundenen E-Mails wird nicht \u00fcbernommen. Bilder, Texte und sonstige Darstellungen auf dieser Website sind urheberrechtlich gesch\u00fctzt.<\/p>\n<p><strong>Fotonachweis<\/strong><br \/>\nVerwendete Fotos aus Bildarchiv: fotolia.de<\/p>\n<\/div><\/section><\/p><\/div>\n","protected":false},"excerpt":{"rendered":"","protected":false},"author":1,"featured_media":0,"parent":0,"menu_order":0,"comment_status":"closed","ping_status":"closed","template":"","meta":{"footnotes":""},"class_list":["post-573","page","type-page","status-publish","hentry"],"_links":{"self":[{"href":"https:\/\/olaf-moeller-haustechnik.de\/index.php?rest_route=\/wp\/v2\/pages\/573","targetHints":{"allow":["GET"]}}],"collection":[{"href":"https:\/\/olaf-moeller-haustechnik.de\/index.php?rest_route=\/wp\/v2\/pages"}],"about":[{"href":"https:\/\/olaf-moeller-haustechnik.de\/index.php?rest_route=\/wp\/v2\/types\/page"}],"author":[{"embeddable":true,"href":"https:\/\/olaf-moeller-haustechnik.de\/index.php?rest_route=\/wp\/v2\/users\/1"}],"replies":[{"embeddable":true,"href":"https:\/\/olaf-moeller-haustechnik.de\/index.php?rest_route=%2Fwp%2Fv2%2Fcomments&post=573"}],"version-history":[{"count":0,"href":"https:\/\/olaf-moeller-haustechnik.de\/index.php?rest_route=\/wp\/v2\/pages\/573\/revisions"}],"wp:attachment":[{"href":"https:\/\/olaf-moeller-haustechnik.de\/index.php?rest_route=%2Fwp%2Fv2%2Fmedia&parent=573"}],"curies":[{"name":"wp","href":"https:\/\/api.w.org\/{rel}","templated":true}]}}