{"id":9002,"date":"2018-05-26T10:29:24","date_gmt":"2018-05-26T08:29:24","guid":{"rendered":"https:\/\/olaf-moeller-haustechnik.de\/?page_id=9002"},"modified":"2018-05-26T10:49:49","modified_gmt":"2018-05-26T08:49:49","slug":"datenschutzerklaerung","status":"publish","type":"page","link":"https:\/\/olaf-moeller-haustechnik.de\/?page_id=9002","title":{"rendered":"Datenschutz"},"content":{"rendered":"<div style='padding-bottom:10px;' class='av-special-heading av-special-heading-h2  blockquote modern-quote   '><h2 class='av-special-heading-tag '  itemprop=\"headline\"  >Datenschutzerkl\u00e4rung<\/h2><div class='special-heading-border'><div class='special-heading-inner-border' ><\/div><\/div><\/div>\n<section class=\"av_textblock_section \"  itemscope=\"itemscope\" itemtype=\"https:\/\/schema.org\/CreativeWork\" ><div class='avia_textblock  '   itemprop=\"text\" ><p><strong>Grundsatz<\/strong><br \/>\nWir nehmen den Schutz Ihrer pers\u00f6nlichen Daten sehr ernst und behandeln Ihre personenbezogenen Daten vertraulich und entsprechend der europ\u00e4ischen und bundesgesetzlichen Datenschutzvorschriften sowie dieser Datenschutzerkl\u00e4rung.<\/p>\n<p><strong>Erheben von Daten<\/strong><br \/>\nWir erheben und verarbeiten personenbezogene Daten nur, wenn diese f\u00fcr die Begr\u00fcndung und inhaltliche Ausgestaltung oder \u00c4nderung des Rechtsverh\u00e4ltnisses erforderlich sind (Bestandsdaten). Personenbezogene Daten \u00fcber die Inanspruchnahme unserer Internetseiten (Nutzungsdaten) erheben wir nicht.<\/p>\n<p><strong>Datenverarbeitung auf dieser Internetseite<\/strong><br \/>\nWir erheben und speichern automatisch Informationen in Log Files, die Ihr Browser automatisch an uns \u00fcbermittelt. Dies sind Browsertyp\/ Browserversion, verwendetes Betriebssystem, Referrer URL und Uhrzeit der Serveranfrage. Diese Daten k\u00f6nnen nicht bestimmten Personen zugeordnet werden. Eine Zusammenf\u00fchrung dieser Daten mit anderen Datenquellen wird nicht vorgenommen.<\/p>\n<p><strong>Nutzung von Cookies<\/strong><br \/>\nUnsere Internetseiten verwenden teilweise so genannte Cookies. Diese dienen dazu, unser Angebot nutzerfreundlicher, effektiver und sicherer zu machen. Cookies sind kleine Textdateien, die auf Ihrem Rechner abgelegt werden und die Ihr Browser speichert. Die meisten der von uns verwendeten Cookies sind so genannte \u201eSession-Cookies\u201c. Sie werden nach Ende Ihres Besuchs automatisch gel\u00f6scht. Cookies richten auf Ihrem Rechner keinen Schaden an und enthalten keine Viren.<\/p>\n<p><strong>E-Mail-Kontakt<\/strong><br \/>\nWenn Sie zu uns per E-Mail Kontakt aufnehmen, werden Ihre Angaben zur Bearbeitung der Anfrage und f\u00fcr den Fall von Anschlussfragen bei uns gespeichert. Diese Daten geben wir nicht ohne Ihre Einwilligung weiter.<\/p>\n<p><strong>Browser Plugin<\/strong><br \/>\nSie k\u00f6nnen die Speicherung der Cookies durch eine entsprechende Einstellung Ihrer Browser-Software verhindern; in diesem Fall haben sie unter Umst\u00e4nden nicht alle Funktionen dieser Website. Sie k\u00f6nnen dar\u00fcber hinaus die Erfassung der durch das Cookie erzeugten und auf Ihre Nutzung der Website bezogenen Daten (inkl. Ihrer IP-Adresse) an Google sowie die Verarbeitung dieser Daten durch Google verhindern, indem sie das unter dem folgenden Link verf\u00fcgbare Browser-Plugin herunterladen und installieren: <a href=\"https:\/\/tools.google.com\/dlpage\/gaoptout?hl=de\" target=\"_blank\" rel=\"noopener noreferrer\" data-cke-saved-href=\"https:\/\/tools.google.com\/dlpage\/gaoptout?hl=de\">https:\/\/tools.google.com\/dlpage\/gaoptout?hl=de<\/a><\/p>\n<p><strong>Google Maps<\/strong><br \/>\nDiese Seite nutzt \u00fcber eine API den Kartendienst Google Maps. Anbieter ist die Google Inc., 1600 Amphitheatre Parkway, Mountain View, CA 94043, USA. Zur Nutzung der Funktionen von Google Maps ist es notwendig, Ihre IP Adresse zu speichern. Diese Informationen werden in der Regel an einen Server von Google in den USA \u00fcbertragen und dort gespeichert. Der Anbieter dieser Seite hat keinen Einfluss auf diese Daten\u00fcbertragung. Die Nutzung von Google Maps erfolgt im Interesse einer ansprechenden Darstellung unserer Online-Angebote und an einer leichten Auffindbarkeit der von uns auf der Website angegebenen Orte. Dies stellt ein berechtigtes Interesse im Sinne von Art. 6 Abs. 1 lit. f DSGVO dar. Mehr Informationen zum Umgang mit Nutzerdaten finden Sie in der Datenschutzerkl\u00e4rung von Google: <a href=\"https:\/\/www.google.de\/intl\/de\/policies\/privacy\" target=\"_blank\" rel=\"noopener noreferrer\" data-cke-saved-href=\"https:\/\/www.google.de\/intl\/de\/policies\/privacy\">https:\/\/www.google.de\/intl\/de\/policies\/privacy<\/a>\/.<\/p>\n<p><strong>Links zu anderen Websites<\/strong><br \/>\nUnsere Website verwendet Funktionen von Facebook Inc., 1601 S. California Ave, Palo Alto, CA 94304, USA . Bei Aufruf unserer Seiten mit Facebook-Plug-Ins wird eine Verbindung zwischen Ihrem Browser und den Servern von Facebook aufgebaut. Dabei werden bereits Daten an Facebook \u00fcbertragen.<br \/>\nBesitzen Sie einen Facebook-Account, k\u00f6nnen diese Daten damit verkn\u00fcpft werden. Sind Sie bei Facebook eingeloggt, kann Facebook den Besuch unserer Website Ihrem Facebook-Konto direkt zuordnen. Wenn Sie mit den Plugins interagieren, zum Beispiel den \u201eLIKE\u201c oder \u201eTEILEN\u201c-Button bet\u00e4tigen, wird die entsprechende Information ebenfalls direkt an einen Server von Facebook \u00fcbermittelt und dort gespeichert. Die Informationen werden zudem auf Facebook ver\u00f6ffentlicht und Ihren Facebook-Freunden angezeigt.<br \/>\nDurch die Einbindung der Plugins erh\u00e4lt Facebook die Information, dass Ihr Browser die entsprechende Seite unseres Webauftritts aufgerufen hat, auch wenn Sie kein Facebook-Konto besitzen oder gerade nicht bei Facebook eingeloggt sind. Diese Information (einschlie\u00dflich Ihrer IP-Adresse) wird von Ihrem Browser direkt an einen Server von Facebook in den USA \u00fcbermittelt und dort gespeichert. Facebook kann diese Informationen zum Zwecke der Werbung, Marktforschung und bedarfsgerechten Gestaltung der Facebook-Seiten benutzen. Hierzu werden von Facebook Nutzungs-, Interessen- und Beziehungsprofile erstellt, z. B. um Ihre Nutzung unserer Website im Hinblick auf die Ihnen bei Facebook eingeblendeten Werbeanzeigen auszuwerten, andere Facebook-Nutzer \u00fcber Ihre Aktivit\u00e4ten auf unserer Website zu informieren und um weitere mit der Nutzung von Facebook verbundene Dienstleistungen zu erbringen. Wenn Sie nicht m\u00f6chten, dass Facebook die \u00fcber unseren Webauftritt gesammelten Daten Ihrem Facebook-Konto zuordnet, m\u00fcssen Sie sich vor Ihrem Besuch unserer Website bei Facebook ausloggen.<br \/>\nZweck und Umfang der Datenerhebung und die weitere Verarbeitung und Nutzung der Daten durch Facebook sowie Ihre diesbez\u00fcglichen Rechte und Einstellungsm\u00f6glichkeiten zum Schutz Ihrer Privatsph\u00e4re entnehmen Sie bitte den Datenschutzhinweisen (<a href=\"https:\/\/www.facebook.com\/about\/privacy\">https:\/\/www.facebook.com\/about\/privacy<\/a>\/) von Facebook.<\/p>\n<p><strong>Widerspruchsrecht und Auskunftsrecht<\/strong><br \/>\nSie haben jederzeit das Recht auf kostenlose Auskunft \u00fcber Ihre bei uns gespeicherten personenbezogenen Daten, deren Herkunft und Empf\u00e4nger und den Zweck der Datenverarbeitung sowie ein Recht auf Berichtigung, Sperrung oder L\u00f6schung dieser Daten. Wenn Sie Fragen hierzu haben, die Ihnen diese Datenschutzerkl\u00e4rung nicht beantworten konnte, k\u00f6nnen Sie sich jederzeit unter folgender E-Mail-Adresse oder \u00fcber die im Impressum angegebenen Kontaktdaten an uns wenden: <a href=\"mailto:info@olaf-moeller-haustechnik.de\">info@olaf-moeller-haustechnik.de<\/a><\/p>\n<\/div><\/section>\n","protected":false},"excerpt":{"rendered":"","protected":false},"author":1,"featured_media":0,"parent":0,"menu_order":0,"comment_status":"closed","ping_status":"closed","template":"","meta":{"footnotes":""},"class_list":["post-9002","page","type-page","status-publish","hentry"],"_links":{"self":[{"href":"https:\/\/olaf-moeller-haustechnik.de\/index.php?rest_route=\/wp\/v2\/pages\/9002","targetHints":{"allow":["GET"]}}],"collection":[{"href":"https:\/\/olaf-moeller-haustechnik.de\/index.php?rest_route=\/wp\/v2\/pages"}],"about":[{"href":"https:\/\/olaf-moeller-haustechnik.de\/index.php?rest_route=\/wp\/v2\/types\/page"}],"author":[{"embeddable":true,"href":"https:\/\/olaf-moeller-haustechnik.de\/index.php?rest_route=\/wp\/v2\/users\/1"}],"replies":[{"embeddable":true,"href":"https:\/\/olaf-moeller-haustechnik.de\/index.php?rest_route=%2Fwp%2Fv2%2Fcomments&post=9002"}],"version-history":[{"count":0,"href":"https:\/\/olaf-moeller-haustechnik.de\/index.php?rest_route=\/wp\/v2\/pages\/9002\/revisions"}],"wp:attachment":[{"href":"https:\/\/olaf-moeller-haustechnik.de\/index.php?rest_route=%2Fwp%2Fv2%2Fmedia&parent=9002"}],"curies":[{"name":"wp","href":"https:\/\/api.w.org\/{rel}","templated":true}]}}